{"id":5246,"date":"2021-10-23T22:48:40","date_gmt":"2021-10-23T14:48:40","guid":{"rendered":"https:\/\/cbs.chuhai.edu.hk\/?page_id=5246"},"modified":"2021-11-01T21:40:18","modified_gmt":"2021-11-01T13:40:18","slug":"cuizhonghui-html","status":"publish","type":"page","link":"https:\/\/cbs.chuhai.edu.hk\/en\/staffmember\/cuizhonghui-html\/","title":{"rendered":"\u5d14\u4e2d\u6167"},"content":{"rendered":"<div data-elementor-type=\"wp-page\" data-elementor-id=\"5246\" class=\"elementor elementor-5246\">\n\t\t\t\t\t\t\t\t\t<section class=\"elementor-section elementor-top-section elementor-element elementor-element-184e8b66 elementor-section-height-min-height elementor-section-boxed elementor-section-height-default elementor-section-items-middle\" data-id=\"184e8b66\" data-element_type=\"section\" data-settings=\"{&quot;background_background&quot;:&quot;classic&quot;}\">\n\t\t\t\t\t\t<div class=\"elementor-container elementor-column-gap-default\">\n\t\t\t\t\t<div class=\"elementor-column elementor-col-50 elementor-top-column elementor-element elementor-element-457124e6\" data-id=\"457124e6\" data-element_type=\"column\">\n\t\t\t<div class=\"elementor-widget-wrap\">\n\t\t\t\t\t\t\t\t\t<\/div>\n\t\t<\/div>\n\t\t\t\t<div class=\"elementor-column elementor-col-50 elementor-top-column elementor-element elementor-element-3cdd1e61\" data-id=\"3cdd1e61\" data-element_type=\"column\">\n\t\t\t<div class=\"elementor-widget-wrap\">\n\t\t\t\t\t\t\t\t\t<\/div>\n\t\t<\/div>\n\t\t\t\t\t\t\t<\/div>\n\t\t<\/section>\n\t\t\t\t<section class=\"elementor-section elementor-top-section elementor-element elementor-element-658e3326 elementor-section-boxed elementor-section-height-default elementor-section-height-default\" data-id=\"658e3326\" data-element_type=\"section\">\n\t\t\t\t\t\t<div class=\"elementor-container elementor-column-gap-default\">\n\t\t\t\t\t<div class=\"elementor-column elementor-col-100 elementor-top-column elementor-element elementor-element-785f00ba\" data-id=\"785f00ba\" data-element_type=\"column\">\n\t\t\t<div class=\"elementor-widget-wrap elementor-element-populated\">\n\t\t\t\t\t\t\t\t<section class=\"elementor-section elementor-inner-section elementor-element elementor-element-7c37f151 elementor-section-boxed elementor-section-height-default elementor-section-height-default\" data-id=\"7c37f151\" data-element_type=\"section\" data-settings=\"{&quot;background_background&quot;:&quot;classic&quot;}\">\n\t\t\t\t\t\t<div class=\"elementor-container elementor-column-gap-default\">\n\t\t\t\t\t<div class=\"elementor-column elementor-col-50 elementor-inner-column elementor-element elementor-element-424f972f\" data-id=\"424f972f\" data-element_type=\"column\">\n\t\t\t<div class=\"elementor-widget-wrap elementor-element-populated\">\n\t\t\t\t\t\t\t\t<div class=\"elementor-element elementor-element-d6f65e8 elementor-widget elementor-widget-image\" data-id=\"d6f65e8\" data-element_type=\"widget\" data-widget_type=\"image.default\">\n\t\t\t\t<div class=\"elementor-widget-container\">\n\t\t\t\t\t\t\t\t\t\t\t\t\t\t\t<img loading=\"lazy\" decoding=\"async\" width=\"405\" height=\"546\" src=\"https:\/\/cbs.chuhai.edu.hk\/wp-content\/uploads\/2021\/10\/CZH-1.jpg\" class=\"attachment-large size-large wp-image-5329\" alt=\"\" srcset=\"https:\/\/cbs.chuhai.edu.hk\/wp-content\/uploads\/2021\/10\/CZH-1.jpg 405w, https:\/\/cbs.chuhai.edu.hk\/wp-content\/uploads\/2021\/10\/CZH-1-223x300.jpg 223w, https:\/\/cbs.chuhai.edu.hk\/wp-content\/uploads\/2021\/10\/CZH-1-9x12.jpg 9w\" sizes=\"auto, (max-width: 405px) 100vw, 405px\" \/>\t\t\t\t\t\t\t\t\t\t\t\t\t\t\t<\/div>\n\t\t\t\t<\/div>\n\t\t\t\t<div class=\"elementor-element elementor-element-5a00a902 elementor-widget elementor-widget-text-editor\" data-id=\"5a00a902\" data-element_type=\"widget\" data-widget_type=\"text-editor.default\">\n\t\t\t\t<div class=\"elementor-widget-container\">\n\t\t\t\t\t\t\t<p><strong>Email:<br \/><\/strong>\u00a0 \u00a0 \u00a0<span lang=\"EN-US\" style=\"font-size: 10.5pt; mso-bidi-font-size: 12.0pt; font-family: 'Calibri',sans-serif; mso-ascii-theme-font: minor-latin; mso-fareast-font-family: \u5b8b\u4f53; mso-fareast-theme-font: minor-fareast; mso-hansi-theme-font: minor-latin; mso-bidi-font-family: 'Times New Roman'; mso-bidi-theme-font: minor-bidi; mso-font-kerning: 1.0pt; mso-ansi-language: EN-US; mso-fareast-language: ZH-CN; mso-bidi-language: AR-SA;\">chcbs@chuhai.edu.h<\/span>k<\/p><p><strong>\u96fb\u8a71\uff1a<br \/><\/strong>\u00a0 \u00a0 \u00a0852-29727407<\/p>\t\t\t\t\t\t<\/div>\n\t\t\t\t<\/div>\n\t\t\t\t\t<\/div>\n\t\t<\/div>\n\t\t\t\t<div class=\"elementor-column elementor-col-50 elementor-inner-column elementor-element elementor-element-48d2f19f\" data-id=\"48d2f19f\" data-element_type=\"column\" data-settings=\"{&quot;background_background&quot;:&quot;classic&quot;}\">\n\t\t\t<div class=\"elementor-widget-wrap elementor-element-populated\">\n\t\t\t\t\t\t\t\t<div class=\"elementor-element elementor-element-5b33862f elementor-widget elementor-widget-heading\" data-id=\"5b33862f\" data-element_type=\"widget\" data-widget_type=\"heading.default\">\n\t\t\t\t<div class=\"elementor-widget-container\">\n\t\t\t<h2 class=\"elementor-heading-title elementor-size-default\"><a href=\"https:\/\/cbs.chuhai.edu.hk\/en\/center\/staff\/tmngai\/\" target=\"_blank\">Chung-hui TSUI<br>\n\u5d14\u4e2d\u6167<\/a><\/h2>\t\t<\/div>\n\t\t\t\t<\/div>\n\t\t\t\t<div class=\"elementor-element elementor-element-171fde3f elementor-widget elementor-widget-heading\" data-id=\"171fde3f\" data-element_type=\"widget\" data-widget_type=\"heading.default\">\n\t\t\t\t<div class=\"elementor-widget-container\">\n\t\t\t<h4 class=\"elementor-heading-title elementor-size-default\">\u5ba2\u5ea7\u526f\u6559\u6388<br><\/h4>\t\t<\/div>\n\t\t\t\t<\/div>\n\t\t\t\t<div class=\"elementor-element elementor-element-1d918ca9 elementor-widget-divider--view-line elementor-widget elementor-widget-divider\" data-id=\"1d918ca9\" data-element_type=\"widget\" data-widget_type=\"divider.default\">\n\t\t\t\t<div class=\"elementor-widget-container\">\n\t\t\t\t\t<div class=\"elementor-divider\">\n\t\t\t<span class=\"elementor-divider-separator\">\n\t\t\t\t\t\t<\/span>\n\t\t<\/div>\n\t\t\t\t<\/div>\n\t\t\t\t<\/div>\n\t\t\t\t<div class=\"elementor-element elementor-element-67adf04f elementor-widget elementor-widget-text-editor\" data-id=\"67adf04f\" data-element_type=\"widget\" data-widget_type=\"text-editor.default\">\n\t\t\t\t<div class=\"elementor-widget-container\">\n\t\t\t\t\t\t\t<h5><b>\u5b78\u6b77<\/b><\/h5><ul><li>PhD Centre of Buddhist Studies, The Univ. of Hong Kong (2010) <br \/>Dissertation : A Study of Early Buddhist Scriptural Calligraphy\uff0dBased on Buddhist Manuscripts Found in Dunhuang and Turfan (3-5 C.)<\/li><li>Master of Buddhist Studies The Univ. of Hong Kong (2004-2005)<\/li><li>Master of Arts &amp; Archaeology SOAS\/ University of London(2000-2001, Distinction)<\/li><li>Postgraduate Diploma SOAS\/ University of London (1999-2000, The Art &amp; Culture of Japan &amp; Korea; The Art of Indian\/Sub-continent;The ancient and imperial art of China.)<\/li><li>BA Fu-Jen Catholic University, Taiwan.Library and Information Science.<\/li><\/ul><h5>\u7814\u7a76\u8208\u8da3<\/h5><ul><li>Silk Road \/ Dunhuang Buddhist art &amp; culture<\/li><li>History of Chinese Buddhist Art<\/li><li>Buddhist Manuscripts from Dunhuang and Turfan<\/li><li>Chinese Art &amp; Archaeology<\/li><li>Chinese Calligraphy<\/li><\/ul><h5>\u51fa\u7248<\/h5><h6>\u5c08\u8457<\/h6><ul><li>\u00a02018 forthcoming publication : \u201cChinese Calligraphy and Early Buddhist Manuscripts, 3rd-5th <br \/>Century\u201d (Oxford: Indica et Buddhica, under contract)<\/li><li>\u300a\u56db\u5b63\u7684\u548c\u6b4c\u300b, one of \u201cThree-in-one Whole Person Education Series \uff08\u4e09\u5408\u4e00\u5152\u7ae5\u7e6a\u672c\u7cfb\u5217, Sun Ya Publications), Bingxin Prize for Children&#8217;s Books in 2009.<\/li><\/ul><h6>\u8ad6\u6587<\/h6><ul><li>\u6566\u714c\u5f4c\u52d2\u7d93\u8b8a\u4e2d\u300c\u8001\u4eba\u5165\u5893\u300d\u7684\u5370\u5ea6\u6587\u5316\u5f71\u97ff (An Examination of the Indian Cultural Influence in the Mural Paintings of Dunhuang), \u300a\u4eba\u9593\u4f5b\u6559\u7814\u7a76\u300bInternational Journal for the Study of Humanistic Buddhism, No.8, 2017, Centre for the Study of Humanistic Buddhism, The Chinese University of Hong Kong, Hong Kong.\uff08ISSN: 2223-800X\uff09<\/li><li>\u4f5b\u6559\u521d\u671f\u5beb\u7d93\u574a\u8a2d\u7f6e\u8821\u6e2c \uff08A Preliminary Study of Early Buddhist Scribal Workshop\uff09\u81fa\u5927\u4f5b\u5b78\u7814\u7a76\uff0e\u7b2c\u4e09\u5341\u4e8c\u671f\uff0c2016 \u5e74\uff08\u6c11 105 \u5e74 12 \u6708\uff09\uff0c\u81fa\u5317\uff1a\u81fa\u7063\u5927\u5b78\u6587\u5b78\u9662\u4f5b\u5b78\u7814\u7a76\u4e2d\u5fc3\uff0c\u9801 99-134 \uff08ISSN:10271112\uff09\u3002<\/li><li>\u58a8\u5f71\u80e1\u97fb\uff0d\u5317\u6dbc\u6642\u671f\u5bae\u5ef7\u4f5b\u6559\u66f8\u6cd5 (Imperial taste in the Northern Liang Calligraphy), \u4e5d\u5dde\u5b78\u6797\u5b78\u5831 (ISSN 1729-9756), No.35, May 2015, \u9999\u6e2f\u57ce\u5e02\u5927\u5b78.<\/li><li>Re-examining the Diamond S\u016btra Manuscript S.P.2 and Sacred Book Culture in the Tang Dynasty, The Indian International Journal of Buddhist Studies, No.15, 2014 (ISSN : 09724893)<\/li><li>\u5410\u9b6f\u756a\u51fa\u571f\u5317\u6dbc\u4e14\u6e20\u5b89\u5468\u4f9b\u990a\u300a\u4f5b\u83ef\u56b4\u7d93\u300b\u7814\u7a76,\u83ef\u56b4\u5b78\u5831, Journal of Huayen Buddhism, No.6, Dec. <br \/>2013.pp.217-261, ISSN:2222-6885<\/li><li>SILK ROAD AND EARLY BUDDHIST SCRIBAL CULTURE IN CHINA (3-5 C), In: Chuan Cheng &amp;Zhiru, Singaporean Journal of Buddhist Studies\u65b0\u52a0\u5761\u4f5b\u5b66\u7814\u7a76\u5b66\u520a(ISSN 2345 \u2013 7406). Singapore, Buddhist College of Singapore, 2013, 1: 63-107. (Publication No. : 228796)<\/li><li>\u6d41\u6c99\u58a8\u97fb\u2014\u6566\u714c\u5410\u9b6f\u756a\u4f5b\u6559\u66f8\u6cd5\u63a2\u7955\uff08Exploring the myth of sacred Buddhist writing from <br \/>Dunhuang and Turfan\uff09\uff0c\u570b\u7acb\u81fa\u5317\u85dd\u8853\u5927\u5b78\u7f8e\u8853\u53f2\u7814\u7a76\u6240\uff0c\u85dd\u8853\u5b78\u7814\u7a76\u5e74\u5831 (Study of The <br \/>Arts) ,no.28, May, 2012.(ISSN:1013-1663)<\/li><li>\u7d72\u8def\u4e0a\u7684\u201c\u66f8\u9053\u201c\u2500\u63ed\u958b\u66f8\u6cd5\u53f2\u4e0a\u6977\u66f8\u8d77\u59cb\u4e4b\u8b0e\uff0c\u300a\u5178\u85cf\u8b80\u5929\u4e0b\u300b(ISSN: 20952112)\uff0c2013 \u5e74 7 \u6708\uff0c\u9801 48-55\u3002<\/li><\/ul><h6>\u53c3\u8457<\/h6><ul><li>\u5317\u6dbc\u77f3\u5854\u523b\u7d93\u8207\u5beb\u7d93\u751f (Buddhist S\u016btras Engraving on Stone St\u016bpas and Scribes in the Northern Liang),\u8003\u53e4\u8207\u85dd\u8853\u2022 \u6587\u672c\u8207\u6b77\u53f2\u2014\u2014\u7d72\u7da2\u4e4b\u8def\u7814\u7a76\u96c6\u520a (Archaeology and Art \u2022Text and History\u2014 New Perspectives On Silk Road Research, 2016 International Academic Conference),\u897f\u5b89, \u965d\u897f\u5e2b\u7bc4\u5927\u5b78\u6b77\u53f2\u6587\u5316\u5b78\u9662. \uff08Journal of the Silk Road Studies, ISBN : 978-7-100-13249-7, Beijing, Commercial Press, \u5317\u4eac\uff1a\u5546\u52d9\u5370\u66f8\u9928\u51fa\u7248\uff0cMay 2017\uff09<\/li><li>Examining A Fifth Century Bilingual Votive Stone St\u016bpa In China, in 2015 Proceedings of International Conference on Buddhist Monasteries of South Asia and China (SBAA, Society for Buddhist Art and Archaeology) 2017, New Delhi, India. (Forthcoming issue)<\/li><li>Central Asian Influence on Northern Liang Calligraphy (397-439 CE), in Mariko Walter ed., The Silk Road: Interwoven History, Vol. 2 Buddhism in Central Asia, Cambridge, Cambridge Institutes Press, USA, 2017. (Forthcoming issue)<\/li><li>\u5d14\u4e2d\u6167\uff0c\u5510\u54b8\u901a\u4e5d\u5e74\u523b\u672c\u300a\u91d1\u525b\u7d93\u300bS.P.2\u7e6a\u756b\u8207\u66f8\u6cd5\u85dd\u8853 (The Art of Diamond S\u016btra Manuscript S.P.2 in the Tang Dynasty), \u6536\u9304\u65bc\u9ece\u65b9\u9280\u4e3b\u7de8\uff0c\u300a2014\u5e74\u5927\u8db3\u5b78\u570b\u969b\u5b78\u8853\u7814\u8a0e\u6703\u8ad6\u6587\u96c6\u300b\uff08ISBN\uff1a 9787229115852\uff09 , 2016\u5e7411\u6708\uff0c\u56db\u5ddd\uff0c\u5927\u8db3\u77f3\u523b\u7814\u7a76\u9662\u3002<\/li><li>\u5d14\u4e2d\u6167\uff0c\u6c11\u570b\u521d\u671f\u9999\u6e2f\u4eba\u9593\u4f5b\u6559\uff0d\u4ee5\u6771\u84ee\u89ba\u82d1\u70ba\u4f8b\uff08Humanistic Buddhism in Hong Kong in early Republic China : Based on a case study of Tung Lin Kok Yun, 2015 International Conference of the Development of Humanistic Buddhism in East and Southeast Asia, \u6536\u9304\u65bc\u9673\u528d\u9360\u7de8\uff1a\u300c\u6cd5\u96e8\u4e2d\u570b\u2022\u666e\u6f64\u4e9e\u6d32\u2500\u4eba\u9593\u4f5b\u6559\u5728\u6771\u4e9e\u8207\u6771\u5357\u4e9e\u7684\u958b\u5c55\u300d\u570b\u969b\u5b78\u8853\u7814\u8a0e\u6703\u8ad6\u6587\u96c6(ISBN:9789889887735), 2016\u5e7411\u6708\uff0c\u9999\u6e2f\uff0c\u9999\u6e2f\u4e2d\u6587\u5927\u5b78\u4eba\u9593\u4f5b\u6559\u7814\u7a76\u4e2d\u5fc3\u3002<\/li><li>TSUI Chung-hui, The Buddhist Stele Dedicated by Juqu Anzhou and the Northern Liang Style Calligraphy (\u7531\u300a\u6dbc\u738b\u5927\u4e14\u6e20\u5b89\u5468\u9020\u5bfa\u529f\u5fb7\u7891\u300b\u63a2\u8a0e\u5317\u6dbc\u5bae\u5ef7\u5beb\u7d93\u8207\u5b98\u65b9\u7d44\u7e54) , in Proceedings of <br \/>2013 International Conference of Dunhuang &amp; Turfan Study, ed. By Wang Sanqing and Zheng Atsai,(National Cheng Kung University, College of Liberal Arts, Chinese Language Center, Taiwan.) ISBN:978-986-04-3717-1(\u738b\u4e09\u6176, \u912d\u963f\u8ca1\u4e3b\u7de8\uff0c2013 \u6566\u714c\u5410\u9b6f\u756a\u570b\u969b\u5b78\u8853\u7814\u8a0e\u6703\u8ad6\u6587\u96c6\uff0c\u53f0\u7063\u81fa\u5357\u570b\u7acb\u6210\u529f\u5927\u5b78\u4e2d\u6587\u7cfb\u51fa\u7248, 2014\u5e7412\u6708\u3002)<\/li><li>\u5d14\u4e2d\u6167\uff0c\u5fb7\u570b\u6536\u85cf\u5410\u9b6f\u756a\u51fa\u571f\u65e9\u671f\u300a\u83ef\u56b4\u7d93\u300b\u5beb\u672c\u6b98\u7247\u7814\u7a76\uff08A Study on Early Huayen Manuscript Fragments In German Collection \uff09\uff08in \u9673\u4e00\u6a19\u4e3b\u7de8\uff0c2014\u5e74\u83ef\u56b4\u5c08\u5b97\u570b\u969b\u5b78\u8853\u7814\u8a0e\u6703\u8ad6\u6587\u96c6\uff0c\u81fa\u5317\u5e02 : \u83ef\u56b4\u84ee\u793e, 2014.10\uff08ISBN 978-986-90427-4-1\uff09.<\/li><\/ul><h6>\u6703\u8b70\u8ad6\u6587<\/h6><ul><li>Nov.26-28, 2016, A Study of Early Transmission of Buddh\u00e2vata\u1e43saka S\u016btra to Northern China (\u521d<br \/>\u671f\u4f5b\u7d93\u4e4b\u8b6f\u50b3\uff1a\u4ee5\u5e7e\u4ef6\u65e9\u671f\u5beb\u672c\u300a\u5927\u65b9\u5ee3\u4f5b\u83ef\u56b4\u7d93\u300b\u70ba\u4e3b), International Conference on Buddhist <br \/>Archaeology in China and South Asia, INSTITUTE OF ARCHAEOLOGY (CASS), SOCIETY FOR BUDDHIST ART AND ARCHAEOLOGY, SHANGHAI ACADEMY AND SCHOOL OF ARCHAEOLOGY &amp; MUSEOLOGY (Beijing, PEKING UNIVERSITY) .<\/li><li>Aug.20-22,2016, \u5317\u6dbc\u66f8\u540f\u6a0a\u6d77\u66f8\u300a\u4f5b\u8aaa\u83e9\u85a9\u85cf\u7d93\u300b\u521d\u8003, 2016 \u6566\u714c\u8ad6\u58c7\uff1a\u4ea4\u878d\u8207\u5275\u65b0\u2014\u2014\u7d00\u5ff5\u83ab\u9ad8\u7a9f\u5275\u5efa 1650 \u5468\u5e74\u570b\u969b\u5b78\u8853\u7814\u8a0e\u6703\u201d,\u6566\u714c:\u6566\u714c\u7814\u7a76\u9662.<\/li><li>Jul.20-24, 2016, \u5317\u6dbc\u77f3\u5854\u523b\u7d93\u8207\u5beb\u7d93\u751f (Buddhist S\u016btras Engraving on Stone St\u016bpas and Scribes in the Northern Liang),\u8003\u53e4\u8207\u85dd\u8853\u2022 \u6587\u672c\u8207\u6b77\u53f2\u2014\u2014\u7d72\u7da2\u4e4b\u8def\u7814\u7a76\u65b0\u8996\u91ce\u570b\u969b\u5b78\u8853\u7814\u8a0e\u6703 <br \/>(Archaeology and Art \u2022Text and History\u2014New Perspectives On Silk Road Research, International <br \/>Academic Conference),\u897f\u5b89, \u965d\u897f\u5e2b\u7bc4\u5927\u5b78\u6b77\u53f2\u6587\u5316\u5b78\u9662.<\/li><li>30 Apr. 2016, \u6566\u714c\u85cf\u7d93\u6d1e\u51fa\u571f\u5317\u9b4f\u300a\u83ef\u56b4\u7d93\u300b\u5beb\u672c\u7814\u7a76, 2016 \u5e74\u7b2c\u4e94\u5c46\u83ef\u56b4\u5c08\u5b97\u570b\u969b\u5b78\u8853\u7814\u8a0e\u6703, \u81fa\u5317\uff1a\u83ef\u56b4\u5c08\u5b97\u5b78\u9662, 2016 The Third International Conference of Huayen Study, Taipei Huayen College.<\/li><li>Jan.9-10, 2016, \u5f4c\u52d2\u5230\u5f4c\u9640\u6de8\u571f\u5716\u50cf\u7684\u905e\u5b17\u8207\u6f14\u8b8a, \u300c\u4eba\u9593\u6de8\u571f\u8207\u5f4c\u9640\u6de8\u571f\u300d\u570b\u969b\u5b78\u8853\u7814\u8a0e\u6703, \u9999\u6e2f\u4e2d\u6587\u5927\u5b78\u4eba\u9593\u4f5b\u6559\u7814\u7a76\u4e2d\u5fc3, \u9999\u6e2f.<\/li><li>Dec.7-9, 2015 Examining A Fifth Century Bilingual Votive Stone St\u016bpa In China, International Conference on Buddhist Monasteries of South Asia and China (SBAA, Society for Buddhist Art and Archaeology)New Delhi, India.<\/li><li>Nov.14-15, 2015 \u6c11\u570b\u521d\u671f\u9999\u6e2f\u4eba\u9593\u4f5b\u6559\uff0d\u4ee5\u6771\u84ee\u89ba\u82d1\u70ba\u4f8b, \u300c\u4eba\u9593\u4f5b\u6559\u5728\u6771\u4e9e\u8207\u6771\u5357\u4e9e\u7684\u958b\u5c55\u300d\u570b\u969b\u5b78\u8853\u7814\u8a0e\u6703, \u9999\u6e2f\u4e2d\u6587\u5927\u5b78\u4eba\u9593\u4f5b\u6559\u7814\u7a76\u4e2d\u5fc3, \u9999\u6e2f<\/li><li>Oct.16-18,2015\u6c34\u6708\u89c0\u97f3\u5716\u50cf\u3001\u601d\u60f3\u8207\u4e16\u4fd7\u5316\u4e4b\u905e\u8b8a, 2015 \u6771\u4e9e\u4f5b\u6559\u601d\u60f3\u6587\u5316\u570b\u969b\u5b78\u8853\u7814\u8a0e\u6703, \u570b\u7acb\u81fa\u7063\u5927\u5b78\u6587\u5b78\u9662\u4f5b\u5b78\u7814\u7a76\u4e2d\u5fc3, \u81fa\u5317\u3002<\/li><li>Nov.24-27,2014 \u5510\u54b8\u901a\u4e5d\u5e74\u523b\u672c\u300a\u91d1\u525b\u7d93\u300bS.P.2 \u7e6a\u756b\u8207\u66f8\u6cd5\u85dd\u8853,2014 \u5e74\u5927\u8db3\u5b78\u570b\u969b\u5b78\u8853\u7814\u8a0e\u6703\u66a8\u5927\u8db3\u77f3\u523b\u79d1\u5b78\u8003\u5bdf 70 \u5468\u5e74\u7d00\u5ff5\u6703, \u5927\u8db3\u77f3\u523b\u7814\u7a76\u9662, \u56db\u5ddd.<\/li><li>Oct.31-Nov.2, 2014 \u5317\u6dbc\u300a\u512a\u5a46\u585e\u6212\u7d93\u300b\u8207\u4eba\u9593\u4f5b\u6559\u7684\u5960\u57fa, 2014 \u6771\u4e9e\u4f5b\u6559\u601d\u60f3\u6587\u5316\u570b\u969b\u5b78\u8853\u7814\u8a0e\u6703, \u81fa\u7063\u5927\u5b78\u4f5b\u5b78\u7814\u7a76\u4e2d\u5fc3\uff0c\u81fa\u5317\u3002<\/li><li>Oct.10, 2014 \u9999\u6e2f\u2500\u2500\u8d70\u9032\u6566\u714c\u3001\u5b8f\u89c0\u4e16\u754c, \u7b2c\u4e09\u5c46\u570b\u969b\u6587\u5316\u7522\u696d\u5927\u6703\u201c\u6587\u5316\u4ea4\u6d41\u4ea4\u532f\u4ea4\u878d\u7684\u5178\u7bc4\u2014\u2014\u6566\u714c\u6587\u5316\u201d\u570b\u969b\u5b78\u8853\u7814\u8a0e\u6703, \u897f\u5317\u5e2b\u7bc4\u5927\u5b78\uff0c\u862d\u5dde\u3002<\/li><li>Aug.18-23,2014 Examine a Manuscript Mah\u0101praj\u00f1\u0101p\u0101ramit\u0101 Upade\u015ba : a case study of Sogdian Buddhist scribe An Hongsong \u5b89\u5f18\u5d69 in early 5th C, 17th Congress of the International Association of Buddhist Studies (IABS), Vienna.<\/li><li>Aug.16-18,2014 \u6566\u714c\u5f4c\u52d2\u7d93\u8b8a\u4e2d\u300c\u8001\u4eba\u5165\u5893\u300d\u7684\u5370\u5ea6\u6587\u5316\u6e90\u6d41\u8a66\u63a2, 2014\u5e74\u6566\u714c\u8ad6\u58c7\uff1a\u6566\u714c\u77f3\u7a9f\u7814\u7a76\u570b\u969b\u5b78\u8853\u7814\u8a0e\u6703, Dunhuang.<\/li><li>Jun.29-30,2014 \u7b2c\u4e94\u5c46\u8056\u56b4\u601d\u60f3\u570b\u969b\u5b78\u8853\u7814\u8a0e\u6703\u300c\u8056\u56b4\u601d\u60f3\u8207\u7576\u4ee3\u6f22\u50b3\u4f5b\u6559\u7684\u50b3\u627f\u8207\u5be6\u8e10\u300d,\u6f22\u6649\u4f5b\u6559\u5beb\u7d93\u8207\u5b98\u65b9\u7d44\u7e54\u7684\u5efa\u7acbThe Sacred Buddhist Manuscript Culture in the Han-Jin Period<\/li><li>Apr.25-27,2014 2014\u5e74\u7b2c\u4e09\u5c46\u83ef\u56b4\u5c08\u5b97\u570b\u969b\u5b78\u8853\u7814\u8a0e\u6703, \u81fa\u5317\uff1a\u83ef\u56b4\u5c08\u5b97\u5b78\u9662, 2014 The Third International Conference of Huayen Study, Taipei Huayen College \u5fb7\u570b\u6536\u85cf\u5410\u9b6f\u756a\u51fa\u571f\u65e9\u671f<br \/>\u300a\u83ef\u56b4\u7d93\u300b\u5beb\u672c\u6b98\u7247\u7814\u7a76 A Study on Early Huayanjing Manuscript Fragments In German Collection<\/li><li>Feb 14 -15,2014 INTERNATIONAL CONFERENCE ON PERCEPTION OF LIFE AND DEATH: JAPAN AND INDIA, University of Delhi, India.An Examination of the Farewell-Retreat Custom in the Mural Paintings of Dunhuang.<\/li><li>Nov.16-17, 2013 \u6566\u714c\u5410\u9b6f\u756a\u570b\u969b\u5b78\u8853\u6703\u8b70\uff0c\u81fa\u5357\u6210\u529f\u5927\u5b78. International Conference of Dunhuang&amp; Turfan Study.(National Cheng Kung University, College of Liberal Arts, Chinese <br \/>Language Center, Taiwan.)\u7531\u300a\u6dbc\u738b\u5927\u4e14\u6e20\u5b89\u5468\u9020\u5bfa\u529f\u5fb7\u7891\u300b\u63a2\u8a0e\u5317\u6dbc\u5bae\u5ef7\u5beb\u7d93\u8207\u5b98\u65b9\u7d44\u7e54 The Buddhist Stele Dedicated by JuquAnzhou and the Northern Liang Style Calligraphy<\/li><li>Jul.13-14, 2013 \u7b2c\u56db\u5c46\u83ef\u56b4\u570b\u969b\u5b78\u8853\u7814\u8a0e\u6703The Forth International Conference on Huayen <br \/>Study,(Huayen World Community of Taiwan &amp; NCCU Graduate Institute of Religious Studies, Taipei) \u5410\u9b6f\u756a\u51fa\u571f\u5317\u6dbc\u6cae\u6e20\u5b89\u5468\u4f9b\u990a\u83ef\u56b4\u7d93\u7814\u7a76 A study of the Buddhist manuscript Buddh\u00e2vata\u1e43saka S\u016btra dedicated by JuquAnzhou in the Northern Liang period.<\/li><li>Mar.18-20, 2013 Re-examine the Diamond S\u016btra and Sacred Book Culture (The Second International Conference on the Chinese Buddhist Canon \u201cThe Chinese Buddhist Canon in the Age of Printing:An East Asian Perspective\u201d), University of the West, Rosemead, California, USA.<\/li><li>Dec.13-15, 2012 Imperial Taste of the Northern Liang Calligraphy (Homage to Tradition \u6f84\u61f7\u53e4\u9053: A Symposium on East Asian Art in Honour of Professor Roderick Whitfield at Chinese University of Hong Kong.<\/li><li>May21-23, 2012 The Sacred Writing by Central Asian Buddhist Monks in China (3-5 C), (Buddhism Without Borders&#8212;An International Conference on Globalized Buddhism), Kurjey, Bhutan.<\/li><li>Jan.13-15, 2012 \u6d41\u6c99\u58a8\u97fb\u2014\u6566\u714c\u5410\u9b6f\u756a\u4f5b\u6559\u66f8\u6cd5\u63a2\u79d8, 2012 \u4e9e\u6d32\u4f5b\u6559\u85dd\u8853\u7814\u7fd2\u6703&#8212;\u4e2d\u5370\u4f5b\u6559\u85dd\u8853\u63a2\u6e90, The University of Hong Kong, Hong Kong, (Exploring the myth of sacred Buddhist writing from Dunhuang and Turfan, 2012 Asia Buddhist Art Conference , The University of Hong Kong.<\/li><li>Jun. 20-25, 2011 TRANSMISSION OF BUDDHIST SCRIPTURAL CALLIGRAPHY FROM THE 3rd TO 5th CENTURY\u2500\u2500 BASED ON BUDDHIST MANUSCRIPTS FOUND IN DUNHUANG AND TURFAN, Dharma Drum Buddhist College, Taiwan, XVIth Congress of the IABS.<\/li><li>Jun. 12- 14, 2009. A Study of the Calligraphy of Dunhuang Buddhist Manuscripts During the Northern Liang Period (Proceeding of 14th Biennial Conference of the International Association of Shin Buddhist Studies, Ryukoku University, Kyoto, Japan,) (Publication no.197354) <\/li><\/ul>\t\t\t\t\t\t<\/div>\n\t\t\t\t<\/div>\n\t\t\t\t\t<\/div>\n\t\t<\/div>\n\t\t\t\t\t\t\t<\/div>\n\t\t<\/section>\n\t\t\t\t\t<\/div>\n\t\t<\/div>\n\t\t\t\t\t\t\t<\/div>\n\t\t<\/section>\n\t\t\t\t\t\t\t<\/div>","protected":false},"excerpt":{"rendered":"<p>Email:\u00a0 \u00a0 \u00a0chcbs@chuhai.edu.hk \u96fb\u8a71\uff1a\u00a0 \u00a0 \u00a0852-29727407 \u76ee \u9304 [&hellip;]<\/p>\n","protected":false},"author":4,"featured_media":0,"parent":5410,"menu_order":0,"comment_status":"closed","ping_status":"closed","template":"","meta":{"site-sidebar-layout":"no-sidebar","site-content-layout":"page-builder","ast-site-content-layout":"","site-content-style":"default","site-sidebar-style":"default","ast-global-header-display":"","ast-banner-title-visibility":"","ast-main-header-display":"","ast-hfb-above-header-display":"","ast-hfb-below-header-display":"","ast-hfb-mobile-header-display":"","site-post-title":"disabled","ast-breadcrumbs-content":"","ast-featured-img":"disabled","footer-sml-layout":"","theme-transparent-header-meta":"default","adv-header-id-meta":"","stick-header-meta":"","header-above-stick-meta":"","header-main-stick-meta":"","header-below-stick-meta":"","astra-migrate-meta-layouts":"default","ast-page-background-enabled":"default","ast-page-background-meta":{"desktop":{"background-color":"","background-image":"","background-repeat":"repeat","background-position":"center center","background-size":"auto","background-attachment":"scroll","background-type":"","background-media":"","overlay-type":"","overlay-color":"","overlay-opacity":"","overlay-gradient":""},"tablet":{"background-color":"","background-image":"","background-repeat":"repeat","background-position":"center center","background-size":"auto","background-attachment":"scroll","background-type":"","background-media":"","overlay-type":"","overlay-color":"","overlay-opacity":"","overlay-gradient":""},"mobile":{"background-color":"","background-image":"","background-repeat":"repeat","background-position":"center center","background-size":"auto","background-attachment":"scroll","background-type":"","background-media":"","overlay-type":"","overlay-color":"","overlay-opacity":"","overlay-gradient":""}},"ast-content-background-meta":{"desktop":{"background-color":"var(--ast-global-color-5)","background-image":"","background-repeat":"repeat","background-position":"center center","background-size":"auto","background-attachment":"scroll","background-type":"","background-media":"","overlay-type":"","overlay-color":"","overlay-opacity":"","overlay-gradient":""},"tablet":{"background-color":"var(--ast-global-color-5)","background-image":"","background-repeat":"repeat","background-position":"center center","background-size":"auto","background-attachment":"scroll","background-type":"","background-media":"","overlay-type":"","overlay-color":"","overlay-opacity":"","overlay-gradient":""},"mobile":{"background-color":"var(--ast-global-color-5)","background-image":"","background-repeat":"repeat","background-position":"center center","background-size":"auto","background-attachment":"scroll","background-type":"","background-media":"","overlay-type":"","overlay-color":"","overlay-opacity":"","overlay-gradient":""}},"footnotes":""},"class_list":["post-5246","page","type-page","status-publish","hentry"],"_links":{"self":[{"href":"https:\/\/cbs.chuhai.edu.hk\/en\/wp-json\/wp\/v2\/pages\/5246","targetHints":{"allow":["GET"]}}],"collection":[{"href":"https:\/\/cbs.chuhai.edu.hk\/en\/wp-json\/wp\/v2\/pages"}],"about":[{"href":"https:\/\/cbs.chuhai.edu.hk\/en\/wp-json\/wp\/v2\/types\/page"}],"author":[{"embeddable":true,"href":"https:\/\/cbs.chuhai.edu.hk\/en\/wp-json\/wp\/v2\/users\/4"}],"replies":[{"embeddable":true,"href":"https:\/\/cbs.chuhai.edu.hk\/en\/wp-json\/wp\/v2\/comments?post=5246"}],"version-history":[{"count":13,"href":"https:\/\/cbs.chuhai.edu.hk\/en\/wp-json\/wp\/v2\/pages\/5246\/revisions"}],"predecessor-version":[{"id":5734,"href":"https:\/\/cbs.chuhai.edu.hk\/en\/wp-json\/wp\/v2\/pages\/5246\/revisions\/5734"}],"up":[{"embeddable":true,"href":"https:\/\/cbs.chuhai.edu.hk\/en\/wp-json\/wp\/v2\/pages\/5410"}],"wp:attachment":[{"href":"https:\/\/cbs.chuhai.edu.hk\/en\/wp-json\/wp\/v2\/media?parent=5246"}],"curies":[{"name":"wp","href":"https:\/\/api.w.org\/{rel}","templated":true}]}}