{"id":4940,"date":"2021-10-20T17:43:35","date_gmt":"2021-10-20T09:43:35","guid":{"rendered":"https:\/\/cbs.chuhai.edu.hk\/?page_id=4940"},"modified":"2021-11-01T21:42:12","modified_gmt":"2021-11-01T13:42:12","slug":"xianda-html","status":"publish","type":"page","link":"https:\/\/cbs.chuhai.edu.hk\/en\/staffmember\/xianda-html\/","title":{"rendered":"\u8ce2\u9054\u6cd5\u5e2b"},"content":{"rendered":"<div data-elementor-type=\"wp-page\" data-elementor-id=\"4940\" class=\"elementor elementor-4940\">\n\t\t\t\t\t\t\t\t\t<section class=\"elementor-section elementor-top-section elementor-element elementor-element-3276b259 elementor-section-height-min-height elementor-section-boxed elementor-section-height-default elementor-section-items-middle\" data-id=\"3276b259\" data-element_type=\"section\" data-settings=\"{&quot;background_background&quot;:&quot;classic&quot;}\">\n\t\t\t\t\t\t<div class=\"elementor-container elementor-column-gap-default\">\n\t\t\t\t\t<div class=\"elementor-column elementor-col-50 elementor-top-column elementor-element elementor-element-1bf7cb5d\" data-id=\"1bf7cb5d\" data-element_type=\"column\">\n\t\t\t<div class=\"elementor-widget-wrap\">\n\t\t\t\t\t\t\t\t\t<\/div>\n\t\t<\/div>\n\t\t\t\t<div class=\"elementor-column elementor-col-50 elementor-top-column elementor-element elementor-element-60f5b204\" data-id=\"60f5b204\" data-element_type=\"column\">\n\t\t\t<div class=\"elementor-widget-wrap\">\n\t\t\t\t\t\t\t\t\t<\/div>\n\t\t<\/div>\n\t\t\t\t\t\t\t<\/div>\n\t\t<\/section>\n\t\t\t\t<section class=\"elementor-section elementor-top-section elementor-element elementor-element-1562eacc elementor-section-boxed elementor-section-height-default elementor-section-height-default\" data-id=\"1562eacc\" data-element_type=\"section\">\n\t\t\t\t\t\t<div class=\"elementor-container elementor-column-gap-default\">\n\t\t\t\t\t<div class=\"elementor-column elementor-col-100 elementor-top-column elementor-element elementor-element-5afd6bce\" data-id=\"5afd6bce\" data-element_type=\"column\">\n\t\t\t<div class=\"elementor-widget-wrap elementor-element-populated\">\n\t\t\t\t\t\t\t\t<section class=\"elementor-section elementor-inner-section elementor-element elementor-element-50681832 elementor-section-boxed elementor-section-height-default elementor-section-height-default\" data-id=\"50681832\" data-element_type=\"section\" data-settings=\"{&quot;background_background&quot;:&quot;classic&quot;}\">\n\t\t\t\t\t\t<div class=\"elementor-container elementor-column-gap-default\">\n\t\t\t\t\t<div class=\"elementor-column elementor-col-50 elementor-inner-column elementor-element elementor-element-41e22548\" data-id=\"41e22548\" data-element_type=\"column\">\n\t\t\t<div class=\"elementor-widget-wrap elementor-element-populated\">\n\t\t\t\t\t\t\t\t<div class=\"elementor-element elementor-element-56262d09 elementor-widget elementor-widget-image\" data-id=\"56262d09\" data-element_type=\"widget\" data-widget_type=\"image.default\">\n\t\t\t\t<div class=\"elementor-widget-container\">\n\t\t\t\t\t\t\t\t\t\t\t\t\t\t\t<img loading=\"lazy\" decoding=\"async\" width=\"596\" height=\"786\" src=\"https:\/\/cbs.chuhai.edu.hk\/wp-content\/uploads\/2021\/10\/XIANDA.jpg\" class=\"attachment-large size-large wp-image-4949\" alt=\"\" srcset=\"https:\/\/cbs.chuhai.edu.hk\/wp-content\/uploads\/2021\/10\/XIANDA.jpg 596w, https:\/\/cbs.chuhai.edu.hk\/wp-content\/uploads\/2021\/10\/XIANDA-227x300.jpg 227w, https:\/\/cbs.chuhai.edu.hk\/wp-content\/uploads\/2021\/10\/XIANDA-9x12.jpg 9w\" sizes=\"auto, (max-width: 596px) 100vw, 596px\" \/>\t\t\t\t\t\t\t\t\t\t\t\t\t\t\t<\/div>\n\t\t\t\t<\/div>\n\t\t\t\t<div class=\"elementor-element elementor-element-7deb413d elementor-widget elementor-widget-text-editor\" data-id=\"7deb413d\" data-element_type=\"widget\" data-widget_type=\"text-editor.default\">\n\t\t\t\t<div class=\"elementor-widget-container\">\n\t\t\t\t\t\t\t<p><strong>Email:<br \/><\/strong>\u00a0 \u00a0 xdshi@chuhai.edu.hk<\/p><p><strong>\u96fb\u8a71\uff1a<br \/><\/strong>\u00a0 \u00a0 \u00a0852-29727407<\/p>\t\t\t\t\t\t<\/div>\n\t\t\t\t<\/div>\n\t\t\t\t\t<\/div>\n\t\t<\/div>\n\t\t\t\t<div class=\"elementor-column elementor-col-50 elementor-inner-column elementor-element elementor-element-1b21212f\" data-id=\"1b21212f\" data-element_type=\"column\" data-settings=\"{&quot;background_background&quot;:&quot;classic&quot;}\">\n\t\t\t<div class=\"elementor-widget-wrap elementor-element-populated\">\n\t\t\t\t\t\t\t\t<div class=\"elementor-element elementor-element-78e50311 elementor-widget elementor-widget-heading\" data-id=\"78e50311\" data-element_type=\"widget\" data-widget_type=\"heading.default\">\n\t\t\t\t<div class=\"elementor-widget-container\">\n\t\t\t<h2 class=\"elementor-heading-title elementor-size-default\"><a href=\"https:\/\/cbs.chuhai.edu.hk\/en\/center\/staff\/tmngai\/\" target=\"_blank\">Xianda SHI<br>\n\u8ce2\u9054\u6cd5\u5e2b<\/a><\/h2>\t\t<\/div>\n\t\t\t\t<\/div>\n\t\t\t\t<div class=\"elementor-element elementor-element-fcf98fb elementor-widget elementor-widget-heading\" data-id=\"fcf98fb\" data-element_type=\"widget\" data-widget_type=\"heading.default\">\n\t\t\t\t<div class=\"elementor-widget-container\">\n\t\t\t<h4 class=\"elementor-heading-title elementor-size-default\">\u5ba2\u5ea7\u52a9\u7406\u6559\u6388<br><\/h4>\t\t<\/div>\n\t\t\t\t<\/div>\n\t\t\t\t<div class=\"elementor-element elementor-element-47d7b8b3 elementor-widget-divider--view-line elementor-widget elementor-widget-divider\" data-id=\"47d7b8b3\" data-element_type=\"widget\" data-widget_type=\"divider.default\">\n\t\t\t\t<div class=\"elementor-widget-container\">\n\t\t\t\t\t<div class=\"elementor-divider\">\n\t\t\t<span class=\"elementor-divider-separator\">\n\t\t\t\t\t\t<\/span>\n\t\t<\/div>\n\t\t\t\t<\/div>\n\t\t\t\t<\/div>\n\t\t\t\t<div class=\"elementor-element elementor-element-5243c2fc elementor-widget elementor-widget-text-editor\" data-id=\"5243c2fc\" data-element_type=\"widget\" data-widget_type=\"text-editor.default\">\n\t\t\t\t<div class=\"elementor-widget-container\">\n\t\t\t\t\t\t\t<h5><b>\u5b78\u6b77<\/b><\/h5><ul><li>\u9999\u6e2f\u5927\u5b78\u54f2\u5b78\uff0c\u4f5b\u6559\u54f2\u5b78\u535a\u58eb\u5b78\u4f4d<\/li><li>\u65af\u91cc\u862d\u5361\u7684\u51f1\u862d\u5c3c\u4e9e\u5927\u5b78\u5df4\u5229\u8a9e\u8207\u4f5b\u5b78\u535a\u58eb\u5b78\u4f4d<\/li><li>\u65af\u91cc\u862d\u5361\u7684\u51f1\u862d\u5c3c\u4e9e\u5927\u5b78\u5df4\u5229\u8a9e\u8207\u4f5b\u5b78\u78a9\u58eb\u5b78\u4f4d<\/li><li>\u65af\u91cc\u862d\u5361\u7684\u51f1\u862d\u5c3c\u4e9e\u5927\u5b78\u5df4\u5229\u8a9e\u8207\u4f5b\u5b78\u5b78\u58eb\u5b78\u4f4d<\/li><\/ul><h5>\u7814\u7a76\u8208\u8da3<\/h5><ul><li>\u4e2d\u570b\u6587\u5316<\/li><li>\u4e2d\u570b\u4f5b\u6559<\/li><li>\u8aaa\u4e00\u5207\u6709\u90e8\u963f\u6bd7\u9054\u78e8<\/li><li>\u5927\u4e58\u745c\u4f3d\u884c\u6d3e\u601d\u60f3<\/li><li>\u4e0a\u5ea7\u90e8\u4f5b\u6559<\/li><li>\u5370\u5ea6\u4f5b\u6559\u6b77\u53f2<\/li><\/ul><h5>\u6559\u6388\u8ab2\u7a0b<\/h5><ul><li>\u5357\u50b3\u4f5b\u6559\u6982\u8ad6<\/li><\/ul><h5>\u7814\u7a76\u9805\u76ee<\/h5><ul><li><span style=\"font-size: 12pt;\">\u9805\u76ee\u540d\u7a31\uff1a\u300a\u5927\u6bd8\u5a46\u6c99\u8ad6\u300b\u6587\u672c\u3001\u8ad6\u7fa9\u3001\u53ca\u5176\u5728\u5370\u5ea6\u6b77\u53f2\u4e0a\u6b77\u53f2\u4f4d\u7f6e\u4e4b\u7814\u7a76\u201d<\/span><\/li><li><span style=\"font-size: 12pt;\">\u9805\u76ee\u7de8\u865f\uff1a\u9999\u6e2f\u57ce\u5e02\u5927\u5b78\u7814\u7a76\u8cc7\u52a9\u8655\u7684\u8cc7\u52a9\u9805\u76ee\uff08\u9805\u76ee\u7de8\u865f\uff1a7004727\uff09<\/span><\/li><\/ul><h5>\u5de5\u4f5c\u5c65\u6b77<\/h5><ul><li>\u9999\u6e2f\u80fd\u4ec1\u5c08\u4e0a\u5b78\u9662\u52a9\u7406\u6559\u6388<\/li><li>\u9999\u6e2f\u4f5b\u6cd5\u4e2d\u5fc3\u5ba2\u5ea7\u52a9\u7406\u6559\u6388<\/li><li>\u9999\u6e2f\u4e2d\u6587\u5927\u5b78\u6587\u5316\u53ca\u5b97\u6559\u7814\u7a76\u7cfb\u517c\u8077\u8b1b\u5e2b<\/li><\/ul><h5>\u51fa\u7248<\/h5><ul><li>\u2018The Sa\u1e43kr\u0101ntiv\u0101da\u2019s Doctrine of Ekarasaskandha: A Study based on Chinese Literary Sources,\u2019 The Indian International Journal of Buddhist Studies. Vol.19. 2018: p149-180.<\/li><li>\u2018Buddhist Environmental Protection and Global Economic Recovery.\u2019 Global Recovery: The Buddhist Perspective, (UNDV Conference Volume, the 7th International Buddhist Conference on the United Nations Day of Vesak Celebration, 23-25 May 2553\/2010, Thailand), Thailand: Mahachulalongkornrajavidyalaya University, 2010: 76-86. (http:\/\/www.undv.org\/vesak2011\/book\/symposium2010.pdf)<\/li><li>\u2018Buddhist Approach to Environmental Crisis.\u2019 Buddhist Approach to Environmental Crisis, (UNDV Conference Volume, the International Buddhist Conference on the United Nations Day of Vesak Celebration, 4-6 May 2552\/2009, Thailand), Thailand: Mahachulalongkornrajavidyalaya University, 2009: 184-193. (http:\/\/www.undv.org\/vesak2011\/book\/enviromental.pdf)<\/li><li>\u2018Controversy on the Nature of Bodily Vij\u00f1apti.\u2019 Buddhist and P\u0101li Studies in Honour of the Venerable Professor Kakkapalliye Anuruddha, Hong Kong: The University of Hong Kong, 2009: 531-548.<\/li><li>\u2018The Future of Chinese Buddhism \u2013 Shake off the Shackles of Temple Model (\u8d70\u51fa\u5bfa\u9662\u5f0f\u4f5b\u6559\u7684\u56f0\u5883).\u2019 Essays of \u201cSeminar on Buddhist Studies in Foreign Languages 2008\u201d, Beijing: China Religious Culture Publisher, 2009: 122-130.<\/li><li>\u3008\u79aa\u6de8\u4e8c\u5b97\u7684\u76f8\u6301\u4e0d\u4e0b\u8207\u79aa\u4fee\u548c\u5ff5\u4f5b\u6cd5\u9580\u7684\u4e0d\u885d\u7a81\u3009. \u300a\u6c38\u660e\u5ef6\u58fd\u5927\u5e2b\u7814\u7a76\u300b, Beijing: China Religious Culture Publisher, 2005: 380-384.<\/li><li>\u2018The Abhidharmaprakara\u1e47a-\u015b\u0101stra.\u2019 (A translation of the chapter 4 section 5 of A Study of the \u015a\u0101stras and the \u0100c\u0101ryas of the Sarv\u0101stiv\u0101da and other schools by Ven. Yin Shun). In: Journal of the Postgraduate Institute of P\u0101li and Buddhist Studies, Sri Lanka: The University of Kelaniya, 1999, vol.1: 222-239.<\/li><\/ul><h5>\u6703\u8b70<\/h5><ul><li>&#8216;A Brief Discussion of the Humanistic Nature of Buddhism&#8217;. Symposium: Theravada and Mahayana Buddhism on the Belt and Road, Hong Kong: Po Lin Monastery, 2017.<\/li><li>\u2018The Future of Chinese Buddhism \u2013 Shake off the Shackles of \u201cTemple Model\u201d.\u2019 The Seminar on Buddhist Studies in Foreign Languages 2008, organized by China Religious Culture Communication Association and Buddhist Association of China, Shanghai, Jul 2008.<\/li><li>\u3008\u79aa\u6de8\u4e8c\u5b97\u7684\u76f8\u6301\u4e0d\u4e0b\u8207\u79aa\u4fee\u548c\u5ff5\u4f5b\u6cd5\u9580\u7684\u4e0d\u885d\u7a81\u3009. \u201c\u7b2c\u4e8c\u5c4a\u5433\u8d8a\u4f5b\u6559\u6587\u5316\u8207\u793e\u6703\u66a8\u7d00\u5ff5\u6c38\u660e\u5927\u5e2b\u8a95\u8fb0\u4e00\u5343\u4e00\u767e\u5468\u5e74\u5b78\u8853\u7814\u8a0e\u6703\u201d, Hangzhou, Nov 2004.<\/li><\/ul><h5>\u734e\u9805<\/h5><ul><li>The Postgraduate Studentships, awarded by the University of Hong Kong, 7\/2010-6\/2013.<\/li><li>The Glorious Sun Group Postgraduate Scholarship in Buddhist Studies, awarded by the University of Hong Kong, 9\/2013-6\/2014.<br \/>The Centre of Buddhist Studies Postgraduate Scholarship, awarded by the University of Hong Kong, 2014-2015.<\/li><li>The Glorious Sun Group Postgraduate Scholarship in Buddhist Studies, awarded by the University of Hong Kong, 9\/2014-6\/2015.<\/li><\/ul>\t\t\t\t\t\t<\/div>\n\t\t\t\t<\/div>\n\t\t\t\t\t<\/div>\n\t\t<\/div>\n\t\t\t\t\t\t\t<\/div>\n\t\t<\/section>\n\t\t\t\t\t<\/div>\n\t\t<\/div>\n\t\t\t\t\t\t\t<\/div>\n\t\t<\/section>\n\t\t\t\t\t\t\t<\/div>","protected":false},"excerpt":{"rendered":"<p>Email:\u00a0 \u00a0 xdshi@chuhai.edu.hk \u96fb\u8a71\uff1a\u00a0 \u00a0 \u00a0852-29727407 \u76ee \u9304  [&hellip;]<\/p>\n","protected":false},"author":4,"featured_media":0,"parent":5410,"menu_order":0,"comment_status":"closed","ping_status":"closed","template":"","meta":{"site-sidebar-layout":"no-sidebar","site-content-layout":"page-builder","ast-site-content-layout":"","site-content-style":"default","site-sidebar-style":"default","ast-global-header-display":"","ast-banner-title-visibility":"","ast-main-header-display":"","ast-hfb-above-header-display":"","ast-hfb-below-header-display":"","ast-hfb-mobile-header-display":"","site-post-title":"disabled","ast-breadcrumbs-content":"","ast-featured-img":"disabled","footer-sml-layout":"","theme-transparent-header-meta":"default","adv-header-id-meta":"","stick-header-meta":"","header-above-stick-meta":"","header-main-stick-meta":"","header-below-stick-meta":"","astra-migrate-meta-layouts":"default","ast-page-background-enabled":"default","ast-page-background-meta":{"desktop":{"background-color":"","background-image":"","background-repeat":"repeat","background-position":"center center","background-size":"auto","background-attachment":"scroll","background-type":"","background-media":"","overlay-type":"","overlay-color":"","overlay-opacity":"","overlay-gradient":""},"tablet":{"background-color":"","background-image":"","background-repeat":"repeat","background-position":"center center","background-size":"auto","background-attachment":"scroll","background-type":"","background-media":"","overlay-type":"","overlay-color":"","overlay-opacity":"","overlay-gradient":""},"mobile":{"background-color":"","background-image":"","background-repeat":"repeat","background-position":"center center","background-size":"auto","background-attachment":"scroll","background-type":"","background-media":"","overlay-type":"","overlay-color":"","overlay-opacity":"","overlay-gradient":""}},"ast-content-background-meta":{"desktop":{"background-color":"var(--ast-global-color-5)","background-image":"","background-repeat":"repeat","background-position":"center center","background-size":"auto","background-attachment":"scroll","background-type":"","background-media":"","overlay-type":"","overlay-color":"","overlay-opacity":"","overlay-gradient":""},"tablet":{"background-color":"var(--ast-global-color-5)","background-image":"","background-repeat":"repeat","background-position":"center center","background-size":"auto","background-attachment":"scroll","background-type":"","background-media":"","overlay-type":"","overlay-color":"","overlay-opacity":"","overlay-gradient":""},"mobile":{"background-color":"var(--ast-global-color-5)","background-image":"","background-repeat":"repeat","background-position":"center center","background-size":"auto","background-attachment":"scroll","background-type":"","background-media":"","overlay-type":"","overlay-color":"","overlay-opacity":"","overlay-gradient":""}},"footnotes":""},"class_list":["post-4940","page","type-page","status-publish","hentry"],"_links":{"self":[{"href":"https:\/\/cbs.chuhai.edu.hk\/en\/wp-json\/wp\/v2\/pages\/4940","targetHints":{"allow":["GET"]}}],"collection":[{"href":"https:\/\/cbs.chuhai.edu.hk\/en\/wp-json\/wp\/v2\/pages"}],"about":[{"href":"https:\/\/cbs.chuhai.edu.hk\/en\/wp-json\/wp\/v2\/types\/page"}],"author":[{"embeddable":true,"href":"https:\/\/cbs.chuhai.edu.hk\/en\/wp-json\/wp\/v2\/users\/4"}],"replies":[{"embeddable":true,"href":"https:\/\/cbs.chuhai.edu.hk\/en\/wp-json\/wp\/v2\/comments?post=4940"}],"version-history":[{"count":13,"href":"https:\/\/cbs.chuhai.edu.hk\/en\/wp-json\/wp\/v2\/pages\/4940\/revisions"}],"predecessor-version":[{"id":5641,"href":"https:\/\/cbs.chuhai.edu.hk\/en\/wp-json\/wp\/v2\/pages\/4940\/revisions\/5641"}],"up":[{"embeddable":true,"href":"https:\/\/cbs.chuhai.edu.hk\/en\/wp-json\/wp\/v2\/pages\/5410"}],"wp:attachment":[{"href":"https:\/\/cbs.chuhai.edu.hk\/en\/wp-json\/wp\/v2\/media?parent=4940"}],"curies":[{"name":"wp","href":"https:\/\/api.w.org\/{rel}","templated":true}]}}